{"id":8,"date":"2015-03-23T17:21:08","date_gmt":"2015-03-23T17:21:08","guid":{"rendered":"http:\/\/hotelpuenteareas.com.ar\/w\/?page_id=8"},"modified":"2025-09-01T19:38:45","modified_gmt":"2025-09-01T19:38:45","slug":"servicios","status":"publish","type":"page","link":"http:\/\/hotelpuenteareas.com.ar\/?page_id=8","title":{"rendered":"Servicios"},"content":{"rendered":"<p>Hotel de 3 estrellas<\/p>\n<h3>Habitaci\u00f3n<\/h3>\n<p>Ventilador de techo<br \/>\nTV con cable<br \/>\nHeladerita (estilo frigobar)<br \/>\nCaja de seguridad<\/p>\n<h3>Hotel<\/h3>\n<p>Conserjer\u00eda las 24 hs<br \/>\nEstacionamiento al aire libre (sujeto a disponibilidad)<\/p>\n<p>Wifi sin cargo en la zona de recepci\u00f3n<\/p>\n<h3>Instalaciones<\/h3>\n<p>Parque de 1600 metros cuadrados<br \/>\nSala de estar con TV<br \/>\nSala de juegos &#8211; Juegos de mesa<br \/>\nJuegos infantiles<br \/>\nParrillas &#8211; Quincho<br \/>\nLa piscina m\u00e1s grande de Mar de Aj\u00f3<\/p>\n<p>&nbsp;<\/p>\n","protected":false},"excerpt":{"rendered":"<p>Hotel de 3 estrellas Habitaci\u00f3n Ventilador de techo TV con cable Heladerita (estilo frigobar) Caja de seguridad Hotel Conserjer\u00eda las 24 hs Estacionamiento al aire libre (sujeto a disponibilidad) Wifi sin cargo en la zona de recepci\u00f3n Instalaciones Parque de 1600 metros cuadrados Sala de estar con TV Sala de juegos &#8211; Juegos de mesa&#8230;  <a class=\"excerpt-read-more\" href=\"http:\/\/hotelpuenteareas.com.ar\/?page_id=8\" title=\"Read Servicios\">Leer m\u00e1s &raquo;<\/a><\/p>\n","protected":false},"author":1,"featured_media":0,"parent":0,"menu_order":0,"comment_status":"open","ping_status":"open","template":"","meta":{"_acf_changed":false,"footnotes":""},"class_list":["post-8","page","type-page","status-publish","hentry"],"acf":[],"_links":{"self":[{"href":"http:\/\/hotelpuenteareas.com.ar\/index.php?rest_route=\/wp\/v2\/pages\/8","targetHints":{"allow":["GET"]}}],"collection":[{"href":"http:\/\/hotelpuenteareas.com.ar\/index.php?rest_route=\/wp\/v2\/pages"}],"about":[{"href":"http:\/\/hotelpuenteareas.com.ar\/index.php?rest_route=\/wp\/v2\/types\/page"}],"author":[{"embeddable":true,"href":"http:\/\/hotelpuenteareas.com.ar\/index.php?rest_route=\/wp\/v2\/users\/1"}],"replies":[{"embeddable":true,"href":"http:\/\/hotelpuenteareas.com.ar\/index.php?rest_route=%2Fwp%2Fv2%2Fcomments&post=8"}],"version-history":[{"count":28,"href":"http:\/\/hotelpuenteareas.com.ar\/index.php?rest_route=\/wp\/v2\/pages\/8\/revisions"}],"predecessor-version":[{"id":307,"href":"http:\/\/hotelpuenteareas.com.ar\/index.php?rest_route=\/wp\/v2\/pages\/8\/revisions\/307"}],"wp:attachment":[{"href":"http:\/\/hotelpuenteareas.com.ar\/index.php?rest_route=%2Fwp%2Fv2%2Fmedia&parent=8"}],"curies":[{"name":"wp","href":"https:\/\/api.w.org\/{rel}","templated":true}]}}